{"id":367,"date":"2024-07-31T12:25:32","date_gmt":"2024-07-31T12:25:32","guid":{"rendered":"https:\/\/academy-gymnastics.ee\/?page_id=367"},"modified":"2025-01-22T15:26:02","modified_gmt":"2025-01-22T15:26:02","slug":"oppetegevuse-leping","status":"publish","type":"page","link":"https:\/\/academy-gymnastics.ee\/ru\/oppetegevuse-leping\/","title":{"rendered":"\u00d5PPETEGEVUSE LEPING"},"content":{"rendered":"\t\t<div data-elementor-type=\"wp-page\" data-elementor-id=\"367\" class=\"elementor elementor-367\" data-elementor-post-type=\"page\">\n\t\t\t\t<div class=\"elementor-element elementor-element-b53bbe4 e-flex e-con-boxed e-con e-parent\" data-id=\"b53bbe4\" data-element_type=\"container\">\n\t\t\t\t\t<div class=\"e-con-inner\">\n\t\t\t\t<div class=\"elementor-element elementor-element-a9e4b0b elementor-widget elementor-widget-heading\" data-id=\"a9e4b0b\" data-element_type=\"widget\" data-widget_type=\"heading.default\">\n\t\t\t\t<div class=\"elementor-widget-container\">\n\t\t\t\t\t<h1 class=\"elementor-heading-title elementor-size-default\">\u00d5PPETEGEVUSE LEPING ___\n<\/h1>\t\t\t\t<\/div>\n\t\t\t\t<\/div>\n\t\t\t\t<div class=\"elementor-element elementor-element-e4a2bba elementor-widget elementor-widget-text-editor\" data-id=\"e4a2bba\" data-element_type=\"widget\" data-widget_type=\"text-editor.default\">\n\t\t\t\t<div class=\"elementor-widget-container\">\n\t\t\t\t\t\t\t\t\t<p>V\u00f5imlemisklubi AcademyGymnastics, registrikood 80572087, juhatuse liikme Gebriella-Amanda Ole\u0161ko isikus, kes tegutseb p\u00f5hikirja alusel (edaspidi \u2013 Klubi), \u00fchelt poolt ning<\/p><p>\u00d5pilane ________________________________, isikulood _____________ (edaspidi \u2013 \u00d5pilane) \/kui \u00d5pilane on alaealine, siis<\/p><p>\u00d5pilase seaduslik esindaja ________________________________, isikulood _____________ (edaspidi \u2013 Esindaja), teiselt poolt,<\/p><p>(edaspidi koos \u2013 Pooled v\u00f5i eraldi \u2013 Pool), s\u00f5lmisid k\u00e4esoleva lepingu (edaspidi \u2013 Leping) allj\u00e4rgnevas:<\/p><p><strong><span style=\"color: #3777d1;\">1. Lepingu ese<\/span><\/strong><\/p><p>Leping s\u00e4testab Klubi ja \u00d5pilase\/Esindaja suhted \u00f5ppetegevuse korraldamisel ja \u00d5ppemaksu tasumisel.<\/p><p><strong><span style=\"color: #3777d1;\">2. \u00d5ppetegevus<\/span><\/strong><\/p><p>2.1. Klubi v\u00f5imaldab \u00d5pilasel tasulise teenusena treenida v\u00f5imlemise erialal.<\/p><p>2.2. \u00d5ppetegevus toimub treeningr\u00fchmades ning Klubi poolt \u00f5ppetegevuse l\u00e4biviimiseks renditud ruumides. <br \/>Treeningur\u00fchma ajakava, treeneri andmed ja muu \u00f5ppetegevusega seotud info avalikustatakse Klubi veebilehel.<\/p><p><span style=\"color: #3777d1;\"><strong>3. Poolte kohustused<\/strong><\/span><\/p><p>3.1. Klubi kohustub:<\/p><p>3.1.1. l\u00e4bi viima \u00f5pet treeningr\u00fchmas koos vastava \u00f5ppekava alusel \u00f5ppivate ning samasse taseme- ja vanuser\u00fchma kuuluvate <br \/>\u00f5pilastega;<\/p><p>3.1.2. v\u00f5imaldama \u00d5pilasel kasutada vajalikku Klubile kuuluvat \u00f5ppe &#8212; ja<br \/>harjutusinventari.<\/p><p>3.2. \u00d5pilase\/Esindaja kohustub:<\/p><p>3.2.1. maksma Klubile \u00d5ppemaksu lepingus s\u00e4testatud m\u00e4\u00e4ras ja t\u00e4htajal;<\/p><p>3.2.2. t\u00e4itma \u00f5ppekorraldust puudutavaid eeskirju ja reegleid (edaspidi \u2013 Reeglid) ning h\u00fcvitama tema poolt tekitatud t\u00f5endatud <br \/>kahju;<\/p><p>3.2.3. teavitama Klubi \u00d5pilase tervislikust seisundist tulenevatest erisustest \/ vajadustest, millega Klubi v\u00f5imalusel arvestab. <br \/>\u00d5pilane\/Esindaja on teadlikud ja vastutavad \u00d5pilase tervisliku seisundi eest, et see v\u00f5imaldaks \u00d5pilasel osa v\u00f5tta <br \/>treeningutest, v\u00f5istlustest jms, mis on seotud Klubi poolt organiseeritud tegevustega.<\/p><p>3.2.4. teavitama Klubi, juhul kui ei saa osa v\u00f5tta etten\u00e4htud treeningust v\u00f5i v\u00f5istlusest.<\/p><p><br \/><span style=\"color: #3777d1;\"><strong>4. \u00d5ppemaks<\/strong><\/span><\/p><p>4.1. \u00d5pilane\/Esindaja maksab Klubi \u00f5ppeteenuste eest ________ eurot kuus (\u00d5ppemaks). <br \/>\u00d5ppemaksu tasumine toimub panga\u00fclekandega Klubi arveldusarvele nr. Swedbank \u00a0EE922200221081793160__ iga kuu __10-ks <br \/>kuup\u00e4evaks \u00d5pilase \/ Esindaja e-posti aadressile edastatud teade alusel.<\/p><p>4.2. \u00d5ppemaksu tasumisel m\u00e4rgitakse makse selgitusse \u00f5pper\u00fchma nimetus, lapse nimi ja kuu, mille eest \u00f5ppemaksu tasutakse. <br \/>Klubi vormistab \u00d5ppemaksu arve ainult \u00d5pilane\/Esindaja kirjalikul n\u00f5udmisel.<\/p><p>4.3. \u00d5ppemaksu tuleb tasuda ka haiguse ajal, millal trennis ei saa osaleda. Kui \u00d5pilane puudub kuu jooksul \u00f5ppetundidest tervislikel <br \/>p\u00f5hjustel \u00fcle kahe n\u00e4dala, siis maksab ta puudutud aja eest 50% \u00d5ppemaksu summast. Kuni kahen\u00e4dalase puudumise korral <br \/>s\u00e4ilib \u00d5ppemaks 100%. K\u00f5ikide haigestumiste korral tuleb teavitada Klubi e-posti aadressil. Hiljem tuleb Klubile esitada <br \/>arstit\u00f5end. Peale tervenemist (juhul, kui \u00d5pilane oli pikka aega haige) on v\u00f5imalik taotleda tasaarveldust j\u00e4rgnevate kuudega. <br \/>Sellekohane avaldus saata Klubi e-posti aadressile. Avalduses m\u00e4rkida \u00e4ra haiguse pikkus ja tasaarveldust soovitavate kuude arv.<\/p><p>4.4. \u00d5ppemaksu mittet\u00e4htaegsel tasumisel on Klubil \u00f5igus n\u00f5uda viivist 0,1% tasumata summalt kalendrip\u00e4evas.<\/p><p>4.5. P\u00f5hjuseta puudumine ei vabasta \u00d5pilast\/Esindajat \u00d5ppemaksu tasumisest. \u00d5ppemaksu mittetasumisel on treeneril \u00f5igus \u00d5pilast <br \/>treeningule mitte lubada.<\/p><p>4.6. Klubil on \u00f5igus muuta \u00d5ppemaksu, teavitades sellest \u00d5pilast \/ Esindajat v\u00e4hemalt (\u00fcks) kuu ette.<\/p><p>4.7. Juhul kui \u00d5pilase v\u00f5lgnevus Klubi ees on pikem kui 20 kalendrip\u00e4eva on Klubil \u00f5igus Leping \u00fcle \u00f6elda. <br \/>Tasumata j\u00e4etud \u00d5ppemaksu sissen\u00f5udmise kulud kannab \u00d5pilane \/ Esindaja.<\/p><p>4.8. \u00d5ppemaks ei sisalda laagrite, varustuse ja v\u00f5istlustegevusega seotud kulusid.<\/p><p>4.9. \u00d5ppemaks ja muud finantskohustused<\/p><p>4.10. Vastavalt algse lepingu tingimustele on iga klubi liige kohustatud tasuma \u00fchekordse sisseastumismaksu summas 20 eurot. <br \/>Nimetatud tasu makstakse \u00fchekordselt ja see ei kuulu tagastamisele.<\/p><p>4.11. Igakuine makse: Osalemine klubi v\u00f5istlusgrupis eeldab igakuist makset kogu kalendriaasta v\u00e4ltel, ehk 12 kuu jooksul. <br \/>Mainitud igakuine tasu ei h\u00f5lma kulusid osalemiseks v\u00f5istlustel, spordilaagrites ja spordikogunemistel. Lisakulud makstakse<br \/>eraldi.<\/p><p>4.12. Arvete saatmine: Klubi ei saada arveid posti teel. Klubi liikmed kannavad vastutust arvete \u00f5igeaegse k\u00e4ttesaamise ja maksmise <br \/>eest.<\/p><p>4.13. Finantskohustused: Vastutus finantskohustuste \u00f5igeaegse t\u00e4itmise eest, vastavalt lepingu tingimustele, sealhulgas t\u00e4htaegade <br \/>j\u00e4rgimise ja klubi poolt esitatud pangarekvisiitide kasutamise eest, lasub t\u00e4ielikult klubi liikmetel.<\/p><p>4.14. Lepingu t\u00e4htaeg <br \/>K\u00e4esolev Leping j\u00f5ustub ___ __________.2023.a. ja kehtib m\u00e4\u00e4ramata t\u00e4htaja jooksul.<\/p><p><br \/><strong><span style=\"color: #3777d1;\">5. Lepingu l\u00f5petamine<\/span><\/strong><\/p><p>5.1. \u00d5pilasel\/Esindajal on \u00f5igus igal ajal Leping \u00fcles \u00f6elda, teatades sellest Klubile v\u00e4hemalt 30\u00a0kalendrip\u00e4eva ette. Soov Leping \u00fcles <br \/>\u00f6elda peab olema v\u00e4ljendatud kirjalikku taasesitamist v\u00f5imaldavas vormis ning tingimusteta. <br \/>\u00d5ppemaksu tasumise kohustus kehtib Lepingu l\u00f5ppemiseni.<\/p><p>5.2. Klubil on \u00f5igus Leping \u00fcles \u00f6elda:<\/p><p>5.2.1. \u00d5pilase\/Esindaja poolt k\u00e4esoleva lepingu, Reeglite ja \u00fcldtunnustatud k\u00e4itumisnormide rikkumise korral;<\/p><p>5.2.2. kui \u00d5pilane\/Esindaja ei ole Klubi teavitanud Lepingu punktis 3.2.3 nimetatud asjaoludest ning Klubi hinnangul ei v\u00f5imalda <br \/>\u00d5pilase tervislik seisund \u00f5ppetegevusest p\u00fcsivalt osa v\u00f5tta;<\/p><p>5.2.3. kui \u00d5pilane\/Esindaja on tahtlikult kahjustanud Klubi vara v\u00f5i mainet;<\/p><p>5.2.4. \u00d5ppemaksu v\u00f5lgnevuse korral.<\/p><p><strong><span style=\"color: #3777d1;\">6. L\u00f5pps\u00e4tted<\/span><\/strong><\/p><p>6.1. \u00d5pilane\/Esindaja n\u00f5ustub sellega, et Klubi t\u00f6\u00f6tleb T\u00f6\u00f6taja isikuandmeid Lepingu t\u00e4itmise eesm\u00e4rgil ja vajalikus ulatuses.<\/p><p>6.2. \u00d5pilane\/Esindaja annab n\u00f5usolek \u00d5pilase pildistamiseks, filmimiseks ja salvestamiseks \u00f5ppetegevuse k\u00e4igus. Salvestatud videod <br \/>ja fotod v\u00f5ib avalikustada Klubi veebilehel, Kluubi facebooki lehel ja teistes Klubi sotsiaalv\u00f5rgustikes.<\/p><p>6.3. Lepingu s\u00f5lmimisega kinnitab \u00d5pilane\/Esindaja, et ta on tutvunud Reeglitega (avalikustatud Klubi veebilehel) ning kohustub <br \/>j\u00e4rgima neis etten\u00e4htud tingimusi ja n\u00f5udeid.<\/p><p>6.4. Teadete (sh Lepingu muutmise, l\u00f5petamise ja rikkumisega seotud teated) edastamine toimub kirjalikus v\u00f5i kirjalikku <br \/>taasesitamist v\u00f5imaldavas vormis.Kirjalikku taasesitamist v\u00f5imaldavas vormis teate saatmiseks kasutavad Pooled e-post. <br \/>Kirjalik teade saadetakse teisele Poolele posti teel t\u00e4hitud kirjaga v\u00f5i antakse teisele Poolele \u00fcle allkirja vastu. <br \/>Kirjalik teade loetakse teisele Poolele \u00fcle antuks, kui postitamisest on m\u00f6\u00f6dunud 3 (kolm) kalendrip\u00e4eva.<\/p><p><strong><span style=\"color: #3777d1;\">7. Vaidluste lahendamise kord<\/span><\/strong><\/p><p>K\u00f5ik vaidlused ja lahkhelid, mis v\u00f5ivad tekkida k\u00e4esoleva Lepingu t\u00e4itmisest, lahendatakse Poolte kokkuleppel. Kui sellist kokkulepet ei saavutata, vaidlus kuulub lahendamisele Harju Maakohtus.<\/p><p><strong><span style=\"color: #3777d1;\">8. Poolte kontaktandmed ja allkirjad<\/span><\/strong><\/p><p>8.1. Lepingu s\u00f5lmimise hetkel on Poolte kontaktandmed j\u00e4rgmised:<\/p>\t\t\t\t\t\t\t\t<\/div>\n\t\t\t\t<\/div>\n\t\t\t\t<div class=\"elementor-element elementor-element-f3ba188 elementor-widget elementor-widget-image\" data-id=\"f3ba188\" data-element_type=\"widget\" data-widget_type=\"image.default\">\n\t\t\t\t<div class=\"elementor-widget-container\">\n\t\t\t\t\t\t\t\t\t\t\t\t\t\t\t<img fetchpriority=\"high\" decoding=\"async\" width=\"2050\" height=\"426\" src=\"https:\/\/academy-gymnastics.ee\/wp-content\/uploads\/2024\/07\/snimok-ekrana-2024-07-31-v-15.31.30.png\" class=\"attachment-full size-full wp-image-370\" alt=\"\u00d5PPETEGEVUSE LEPING\" srcset=\"https:\/\/academy-gymnastics.ee\/wp-content\/uploads\/2024\/07\/snimok-ekrana-2024-07-31-v-15.31.30.png 2050w, https:\/\/academy-gymnastics.ee\/wp-content\/uploads\/2024\/07\/snimok-ekrana-2024-07-31-v-15.31.30-300x62.png 300w, https:\/\/academy-gymnastics.ee\/wp-content\/uploads\/2024\/07\/snimok-ekrana-2024-07-31-v-15.31.30-1024x213.png 1024w, https:\/\/academy-gymnastics.ee\/wp-content\/uploads\/2024\/07\/snimok-ekrana-2024-07-31-v-15.31.30-768x160.png 768w, https:\/\/academy-gymnastics.ee\/wp-content\/uploads\/2024\/07\/snimok-ekrana-2024-07-31-v-15.31.30-1536x319.png 1536w, https:\/\/academy-gymnastics.ee\/wp-content\/uploads\/2024\/07\/snimok-ekrana-2024-07-31-v-15.31.30-2048x426.png 2048w\" sizes=\"(max-width: 2050px) 100vw, 2050px\" \/>\t\t\t\t\t\t\t\t\t\t\t\t\t\t\t<\/div>\n\t\t\t\t<\/div>\n\t\t\t\t<div class=\"elementor-element elementor-element-c08df25 elementor-widget elementor-widget-text-editor\" data-id=\"c08df25\" data-element_type=\"widget\" data-widget_type=\"text-editor.default\">\n\t\t\t\t<div class=\"elementor-widget-container\">\n\t\t\t\t\t\t\t\t\t<p>8.2. Pooled kohustuvad mistahes muudatustest oma kontaktandmete osas viivitamatult kirjalikult v\u00f5i kirjalikku taasesitamist <br \/>v\u00f5imaldavas vormis teist Poolt teavitama. Kuni Teate k\u00e4ttesaamiseni loetakse teise Poole jaoks kehtivaks andmed, mis on <br \/>temale esitatud.<\/p>\t\t\t\t\t\t\t\t<\/div>\n\t\t\t\t<\/div>\n\t\t<div class=\"elementor-element elementor-element-2971be1 e-con-full e-flex e-con e-child\" data-id=\"2971be1\" data-element_type=\"container\">\n\t\t<div class=\"elementor-element elementor-element-7eee84e e-con-full e-flex e-con e-child\" data-id=\"7eee84e\" data-element_type=\"container\">\n\t\t\t\t<div class=\"elementor-element elementor-element-a326f36 elementor-widget-divider--view-line elementor-widget elementor-widget-divider\" data-id=\"a326f36\" data-element_type=\"widget\" data-widget_type=\"divider.default\">\n\t\t\t\t<div class=\"elementor-widget-container\">\n\t\t\t\t\t\t\t<div class=\"elementor-divider\">\n\t\t\t<span class=\"elementor-divider-separator\">\n\t\t\t\t\t\t<\/span>\n\t\t<\/div>\n\t\t\t\t\t\t<\/div>\n\t\t\t\t<\/div>\n\t\t\t\t<div class=\"elementor-element elementor-element-90fe844 elementor-widget elementor-widget-heading\" data-id=\"90fe844\" data-element_type=\"widget\" data-widget_type=\"heading.default\">\n\t\t\t\t<div class=\"elementor-widget-container\">\n\t\t\t\t\t<p class=\"elementor-heading-title elementor-size-default\">allkirjastatud digitaalselt<\/p>\t\t\t\t<\/div>\n\t\t\t\t<\/div>\n\t\t\t\t<\/div>\n\t\t<div class=\"elementor-element elementor-element-33656d4 e-con-full e-flex e-con e-child\" data-id=\"33656d4\" data-element_type=\"container\">\n\t\t\t\t<div class=\"elementor-element elementor-element-e0d0a5c elementor-widget-divider--view-line elementor-widget elementor-widget-divider\" data-id=\"e0d0a5c\" data-element_type=\"widget\" data-widget_type=\"divider.default\">\n\t\t\t\t<div class=\"elementor-widget-container\">\n\t\t\t\t\t\t\t<div class=\"elementor-divider\">\n\t\t\t<span class=\"elementor-divider-separator\">\n\t\t\t\t\t\t<\/span>\n\t\t<\/div>\n\t\t\t\t\t\t<\/div>\n\t\t\t\t<\/div>\n\t\t\t\t<div class=\"elementor-element elementor-element-a7b586e elementor-widget elementor-widget-heading\" data-id=\"a7b586e\" data-element_type=\"widget\" data-widget_type=\"heading.default\">\n\t\t\t\t<div class=\"elementor-widget-container\">\n\t\t\t\t\t<p class=\"elementor-heading-title elementor-size-default\">allkirjastatud digitaalselt<\/p>\t\t\t\t<\/div>\n\t\t\t\t<\/div>\n\t\t\t\t<\/div>\n\t\t\t\t<\/div>\n\t\t\t\t\t<\/div>\n\t\t\t\t<\/div>\n\t\t\t\t<\/div>\n\t\t","protected":false},"excerpt":{"rendered":"<p>\u00d5PPETEGEVUSE LEPING ___ V\u00f5imlemisklubi AcademyGymnastics, registrikood 80572087, juhatuse liikme Gebriella-Amanda Ole\u0161ko isikus, kes tegutseb p\u00f5hikirja alusel (edaspidi \u2013 Klubi), \u00fchelt poolt ning \u00d5pilane ________________________________, isikulood _____________ (edaspidi \u2013 \u00d5pilane) \/kui \u00d5pilane on alaealine, siis \u00d5pilase seaduslik esindaja ________________________________, isikulood _____________ (edaspidi \u2013 Esindaja), teiselt poolt, (edaspidi koos \u2013 Pooled v\u00f5i eraldi \u2013 Pool), s\u00f5lmisid k\u00e4esoleva [&hellip;]<\/p>\n","protected":false},"author":1,"featured_media":0,"parent":0,"menu_order":0,"comment_status":"closed","ping_status":"closed","template":"elementor_header_footer","meta":{"footnotes":""},"class_list":["post-367","page","type-page","status-publish","hentry","entry"],"yoast_head":"<!-- This site is optimized with the Yoast SEO Premium plugin v22.0 (Yoast SEO v25.6) - https:\/\/yoast.com\/wordpress\/plugins\/seo\/ -->\n<title>\u00d5PPETEGEVUSE LEPING Tallin - Academy Gymnastics<\/title>\n<meta name=\"description\" content=\"\u00d5PPETEGEVUSE LEPING Tallin Academy Gymnastics Tallin.\" \/>\n<meta name=\"robots\" content=\"index, follow, max-snippet:-1, max-image-preview:large, max-video-preview:-1\" \/>\n<link rel=\"canonical\" href=\"https:\/\/academy-gymnastics.ee\/ru\/oppetegevuse-leping\/\" \/>\n<meta property=\"og:locale\" content=\"ru_RU\" \/>\n<meta property=\"og:type\" content=\"article\" \/>\n<meta property=\"og:title\" content=\"\u00d5PPETEGEVUSE LEPING\" \/>\n<meta property=\"og:description\" content=\"\u00d5PPETEGEVUSE LEPING Tallin Academy Gymnastics Tallin.\" \/>\n<meta property=\"og:url\" content=\"https:\/\/academy-gymnastics.ee\/ru\/oppetegevuse-leping\/\" \/>\n<meta property=\"og:site_name\" content=\"Academy Gymnastics\" \/>\n<meta property=\"article:publisher\" content=\"https:\/\/www.facebook.com\/academygymnastics.ee\/\" \/>\n<meta property=\"article:modified_time\" content=\"2025-01-22T15:26:02+00:00\" \/>\n<meta property=\"og:image\" content=\"https:\/\/academy-gymnastics.ee\/wp-content\/uploads\/2024\/07\/snimok-ekrana-2024-07-31-v-15.31.30.png\" \/>\n<meta name=\"twitter:card\" content=\"summary_large_image\" \/>\n<meta name=\"twitter:label1\" content=\"\u041f\u0440\u0438\u043c\u0435\u0440\u043d\u043e\u0435 \u0432\u0440\u0435\u043c\u044f \u0434\u043b\u044f \u0447\u0442\u0435\u043d\u0438\u044f\" \/>\n\t<meta name=\"twitter:data1\" content=\"5 \u043c\u0438\u043d\u0443\u0442\" \/>\n<script type=\"application\/ld+json\" class=\"yoast-schema-graph\">{\"@context\":\"https:\/\/schema.org\",\"@graph\":[{\"@type\":\"WebPage\",\"@id\":\"https:\/\/academy-gymnastics.ee\/ru\/oppetegevuse-leping\/\",\"url\":\"https:\/\/academy-gymnastics.ee\/ru\/oppetegevuse-leping\/\",\"name\":\"\u00d5PPETEGEVUSE LEPING Tallin - Academy Gymnastics\",\"isPartOf\":{\"@id\":\"https:\/\/academy-gymnastics.ee\/#website\"},\"primaryImageOfPage\":{\"@id\":\"https:\/\/academy-gymnastics.ee\/ru\/oppetegevuse-leping\/#primaryimage\"},\"image\":{\"@id\":\"https:\/\/academy-gymnastics.ee\/ru\/oppetegevuse-leping\/#primaryimage\"},\"thumbnailUrl\":\"https:\/\/academy-gymnastics.ee\/wp-content\/uploads\/2024\/07\/snimok-ekrana-2024-07-31-v-15.31.30.png\",\"datePublished\":\"2024-07-31T12:25:32+00:00\",\"dateModified\":\"2025-01-22T15:26:02+00:00\",\"description\":\"\u00d5PPETEGEVUSE LEPING Tallin Academy Gymnastics Tallin.\",\"breadcrumb\":{\"@id\":\"https:\/\/academy-gymnastics.ee\/ru\/oppetegevuse-leping\/#breadcrumb\"},\"inLanguage\":\"ru-RU\",\"potentialAction\":[{\"@type\":\"ReadAction\",\"target\":[\"https:\/\/academy-gymnastics.ee\/ru\/oppetegevuse-leping\/\"]}]},{\"@type\":\"ImageObject\",\"inLanguage\":\"ru-RU\",\"@id\":\"https:\/\/academy-gymnastics.ee\/ru\/oppetegevuse-leping\/#primaryimage\",\"url\":\"https:\/\/academy-gymnastics.ee\/wp-content\/uploads\/2024\/07\/snimok-ekrana-2024-07-31-v-15.31.30.png\",\"contentUrl\":\"https:\/\/academy-gymnastics.ee\/wp-content\/uploads\/2024\/07\/snimok-ekrana-2024-07-31-v-15.31.30.png\"},{\"@type\":\"BreadcrumbList\",\"@id\":\"https:\/\/academy-gymnastics.ee\/ru\/oppetegevuse-leping\/#breadcrumb\",\"itemListElement\":[{\"@type\":\"ListItem\",\"position\":1,\"name\":\"\u0413\u043b\u0430\u0432\u043d\u0430\u044f \u0441\u0442\u0440\u0430\u043d\u0438\u0446\u0430\",\"item\":\"https:\/\/mediumpurple-gnu-306157.hostingersite.com\/ru\/\"},{\"@type\":\"ListItem\",\"position\":2,\"name\":\"\u00d5PPETEGEVUSE LEPING\"}]},{\"@type\":\"WebSite\",\"@id\":\"https:\/\/academy-gymnastics.ee\/#website\",\"url\":\"https:\/\/academy-gymnastics.ee\/\",\"name\":\"Academy Gymnastics\",\"description\":\"Academy Gymnastics\",\"publisher\":{\"@id\":\"https:\/\/academy-gymnastics.ee\/#organization\"},\"alternateName\":\"Academy Gymnastics\",\"potentialAction\":[{\"@type\":\"SearchAction\",\"target\":{\"@type\":\"EntryPoint\",\"urlTemplate\":\"https:\/\/academy-gymnastics.ee\/?s={search_term_string}\"},\"query-input\":{\"@type\":\"PropertyValueSpecification\",\"valueRequired\":true,\"valueName\":\"search_term_string\"}}],\"inLanguage\":\"ru-RU\"},{\"@type\":\"Organization\",\"@id\":\"https:\/\/academy-gymnastics.ee\/#organization\",\"name\":\"Academy Gymnastics\",\"alternateName\":\"Academy Gymnastics\",\"url\":\"https:\/\/academy-gymnastics.ee\/\",\"logo\":{\"@type\":\"ImageObject\",\"inLanguage\":\"ru-RU\",\"@id\":\"https:\/\/academy-gymnastics.ee\/#\/schema\/logo\/image\/\",\"url\":\"https:\/\/academy-gymnastics.ee\/wp-content\/uploads\/2024\/08\/cropped-web-page-1.jpg\",\"contentUrl\":\"https:\/\/academy-gymnastics.ee\/wp-content\/uploads\/2024\/08\/cropped-web-page-1.jpg\",\"width\":512,\"height\":512,\"caption\":\"Academy Gymnastics\"},\"image\":{\"@id\":\"https:\/\/academy-gymnastics.ee\/#\/schema\/logo\/image\/\"},\"sameAs\":[\"https:\/\/www.facebook.com\/academygymnastics.ee\/\",\"https:\/\/www.instagram.com\/academy.gymnastics.ee\/\"]}]}<\/script>\n<!-- \/ Yoast SEO Premium plugin. -->","yoast_head_json":{"title":"\u00d5PPETEGEVUSE LEPING Tallin - Academy Gymnastics","description":"\u00d5PPETEGEVUSE LEPING Tallin Academy Gymnastics Tallin.","robots":{"index":"index","follow":"follow","max-snippet":"max-snippet:-1","max-image-preview":"max-image-preview:large","max-video-preview":"max-video-preview:-1"},"canonical":"https:\/\/academy-gymnastics.ee\/ru\/oppetegevuse-leping\/","og_locale":"ru_RU","og_type":"article","og_title":"\u00d5PPETEGEVUSE LEPING","og_description":"\u00d5PPETEGEVUSE LEPING Tallin Academy Gymnastics Tallin.","og_url":"https:\/\/academy-gymnastics.ee\/ru\/oppetegevuse-leping\/","og_site_name":"Academy Gymnastics","article_publisher":"https:\/\/www.facebook.com\/academygymnastics.ee\/","article_modified_time":"2025-01-22T15:26:02+00:00","og_image":[{"url":"https:\/\/academy-gymnastics.ee\/wp-content\/uploads\/2024\/07\/snimok-ekrana-2024-07-31-v-15.31.30.png","type":"","width":"","height":""}],"twitter_card":"summary_large_image","twitter_misc":{"\u041f\u0440\u0438\u043c\u0435\u0440\u043d\u043e\u0435 \u0432\u0440\u0435\u043c\u044f \u0434\u043b\u044f \u0447\u0442\u0435\u043d\u0438\u044f":"5 \u043c\u0438\u043d\u0443\u0442"},"schema":{"@context":"https:\/\/schema.org","@graph":[{"@type":"WebPage","@id":"https:\/\/academy-gymnastics.ee\/ru\/oppetegevuse-leping\/","url":"https:\/\/academy-gymnastics.ee\/ru\/oppetegevuse-leping\/","name":"\u00d5PPETEGEVUSE LEPING Tallin - Academy Gymnastics","isPartOf":{"@id":"https:\/\/academy-gymnastics.ee\/#website"},"primaryImageOfPage":{"@id":"https:\/\/academy-gymnastics.ee\/ru\/oppetegevuse-leping\/#primaryimage"},"image":{"@id":"https:\/\/academy-gymnastics.ee\/ru\/oppetegevuse-leping\/#primaryimage"},"thumbnailUrl":"https:\/\/academy-gymnastics.ee\/wp-content\/uploads\/2024\/07\/snimok-ekrana-2024-07-31-v-15.31.30.png","datePublished":"2024-07-31T12:25:32+00:00","dateModified":"2025-01-22T15:26:02+00:00","description":"\u00d5PPETEGEVUSE LEPING Tallin Academy Gymnastics Tallin.","breadcrumb":{"@id":"https:\/\/academy-gymnastics.ee\/ru\/oppetegevuse-leping\/#breadcrumb"},"inLanguage":"ru-RU","potentialAction":[{"@type":"ReadAction","target":["https:\/\/academy-gymnastics.ee\/ru\/oppetegevuse-leping\/"]}]},{"@type":"ImageObject","inLanguage":"ru-RU","@id":"https:\/\/academy-gymnastics.ee\/ru\/oppetegevuse-leping\/#primaryimage","url":"https:\/\/academy-gymnastics.ee\/wp-content\/uploads\/2024\/07\/snimok-ekrana-2024-07-31-v-15.31.30.png","contentUrl":"https:\/\/academy-gymnastics.ee\/wp-content\/uploads\/2024\/07\/snimok-ekrana-2024-07-31-v-15.31.30.png"},{"@type":"BreadcrumbList","@id":"https:\/\/academy-gymnastics.ee\/ru\/oppetegevuse-leping\/#breadcrumb","itemListElement":[{"@type":"ListItem","position":1,"name":"\u0413\u043b\u0430\u0432\u043d\u0430\u044f \u0441\u0442\u0440\u0430\u043d\u0438\u0446\u0430","item":"https:\/\/mediumpurple-gnu-306157.hostingersite.com\/ru\/"},{"@type":"ListItem","position":2,"name":"\u00d5PPETEGEVUSE LEPING"}]},{"@type":"WebSite","@id":"https:\/\/academy-gymnastics.ee\/#website","url":"https:\/\/academy-gymnastics.ee\/","name":"Academy Gymnastics","description":"Academy Gymnastics","publisher":{"@id":"https:\/\/academy-gymnastics.ee\/#organization"},"alternateName":"Academy Gymnastics","potentialAction":[{"@type":"SearchAction","target":{"@type":"EntryPoint","urlTemplate":"https:\/\/academy-gymnastics.ee\/?s={search_term_string}"},"query-input":{"@type":"PropertyValueSpecification","valueRequired":true,"valueName":"search_term_string"}}],"inLanguage":"ru-RU"},{"@type":"Organization","@id":"https:\/\/academy-gymnastics.ee\/#organization","name":"Academy Gymnastics","alternateName":"Academy Gymnastics","url":"https:\/\/academy-gymnastics.ee\/","logo":{"@type":"ImageObject","inLanguage":"ru-RU","@id":"https:\/\/academy-gymnastics.ee\/#\/schema\/logo\/image\/","url":"https:\/\/academy-gymnastics.ee\/wp-content\/uploads\/2024\/08\/cropped-web-page-1.jpg","contentUrl":"https:\/\/academy-gymnastics.ee\/wp-content\/uploads\/2024\/08\/cropped-web-page-1.jpg","width":512,"height":512,"caption":"Academy Gymnastics"},"image":{"@id":"https:\/\/academy-gymnastics.ee\/#\/schema\/logo\/image\/"},"sameAs":["https:\/\/www.facebook.com\/academygymnastics.ee\/","https:\/\/www.instagram.com\/academy.gymnastics.ee\/"]}]}},"_links":{"self":[{"href":"https:\/\/academy-gymnastics.ee\/ru\/wp-json\/wp\/v2\/pages\/367","targetHints":{"allow":["GET"]}}],"collection":[{"href":"https:\/\/academy-gymnastics.ee\/ru\/wp-json\/wp\/v2\/pages"}],"about":[{"href":"https:\/\/academy-gymnastics.ee\/ru\/wp-json\/wp\/v2\/types\/page"}],"author":[{"embeddable":true,"href":"https:\/\/academy-gymnastics.ee\/ru\/wp-json\/wp\/v2\/users\/1"}],"replies":[{"embeddable":true,"href":"https:\/\/academy-gymnastics.ee\/ru\/wp-json\/wp\/v2\/comments?post=367"}],"version-history":[{"count":7,"href":"https:\/\/academy-gymnastics.ee\/ru\/wp-json\/wp\/v2\/pages\/367\/revisions"}],"predecessor-version":[{"id":2384,"href":"https:\/\/academy-gymnastics.ee\/ru\/wp-json\/wp\/v2\/pages\/367\/revisions\/2384"}],"wp:attachment":[{"href":"https:\/\/academy-gymnastics.ee\/ru\/wp-json\/wp\/v2\/media?parent=367"}],"curies":[{"name":"wp","href":"https:\/\/api.w.org\/{rel}","templated":true}]}}